{"id":155,"date":"2015-04-06T10:32:33","date_gmt":"2015-04-06T08:32:33","guid":{"rendered":"http:\/\/zufallsgenerator.biz\/fr\/?page_id=155"},"modified":"2016-09-16T13:13:18","modified_gmt":"2016-09-16T11:13:18","slug":"prh-zg4-generateur-aleatoire","status":"publish","type":"page","link":"https:\/\/zufallsgenerator.biz\/fr\/prh-zg4-generateur-aleatoire\/","title":{"rendered":"prh-ZG4 G\u00e9n\u00e9rateur Al\u00e9atoire"},"content":{"rendered":"<p><img loading=\"lazy\" decoding=\"async\" class=\"alignnone size-full wp-image-66\" src=\"http:\/\/zufallsgenerator.biz\/fr\/wp-content\/uploads\/sites\/3\/2015\/04\/zg4compl.jpg\" alt=\"zg4compl\" width=\"522\" height=\"315\" srcset=\"https:\/\/zufallsgenerator.biz\/fr\/wp-content\/uploads\/sites\/3\/2015\/04\/zg4compl.jpg 522w, https:\/\/zufallsgenerator.biz\/fr\/wp-content\/uploads\/sites\/3\/2015\/04\/zg4compl-300x181.jpg 300w\" sizes=\"auto, (max-width: 522px) 100vw, 522px\" \/><\/p>\n<p><span style=\"font-size: 12pt; font-family: 'times new roman', times, serif;\"><strong>PRH-ZG4<\/strong> est utilis\u00e9 pour la contr\u00f4le des personnes (par exemple le tirage au sort des employ\u00e9s) et la contr\u00f4le des passages.<\/span><\/p>\n<p><span style=\"font-size: 12pt; font-family: 'times new roman', times, serif;\">L&#8217;alimentation \u00e9lectrique de 230V est d\u00e9j\u00e0 install\u00e9 et fournit la logique num\u00e9riquement et les lumi\u00e8res int\u00e9gr\u00e9es, &#8218;vert&#8216; et &#8218;rouge&#8216; ainsi que l&#8217;\u00e9metteur des signaux acoustiques et les deux relais pour contr\u00f4ler le passage.<\/span><\/p>\n<p><span style=\"font-size: 12pt; font-family: 'times new roman', times, serif;\"><strong>Logement<\/strong><\/span><br \/>\n<span style=\"font-size: 12pt; font-family: 'times new roman', times, serif;\"> Prh-ZG4 est log\u00e9 dans un bo\u00eetier tr\u00e8s stable isolant (IP65). L x H x P: environ 13,5 cm x 18,5 cm x 9,5 cm<\/span><\/p>\n<p><span style=\"font-size: 12pt; font-family: 'times new roman', times, serif;\"><strong>Alimentation<\/strong><\/span><br \/>\n<span style=\"font-size: 12pt; font-family: 'times new roman', times, serif;\"> prh-ZG4 doivent \u00eatre fournis avec 230 volts de courant alternatif et prend jusqu&#8217;\u00e0 16VA.<\/span><\/p>\n<p><span style=\"font-size: 12pt; font-family: 'times new roman', times, serif;\"><strong>Sorties<\/strong> (r\u00e9troaction relais)<\/span><br \/>\n<span style=\"font-size: 12pt; font-family: 'times new roman', times, serif;\"> Comme un point de d\u00e9part repr\u00e9sentent chacun &#8218;rouge&#8216; et &#8218;verts&#8216; distincts contacts inverseurs flottants. Les p\u00f4les sont reli\u00e9s \u00e0 un total de six accessible de l&#8217;int\u00e9rieur de bornes \u00e0 ressort.<\/span><\/p>\n<p><span style=\"font-size: 12pt; font-family: 'times new roman', times, serif;\"><strong>Affichage<\/strong><\/span><br \/>\n<span style=\"font-size: 12pt; font-family: 'times new roman', times, serif;\"> Croix-Rouge: Le relais de sortie &#8218;rouge&#8216; est actuellement actif.<\/span><br \/>\n<span style=\"font-size: 12pt; font-family: 'times new roman', times, serif;\"> Fl\u00e8che verte: Le relais de sortie &#8218;verte&#8216; est actuellement actif.<\/span><br \/>\n<span style=\"font-size: 12pt; font-family: 'times new roman', times, serif;\"> Des LEDs extra-lumineux sont utilis\u00e9s dans un pare-soleil. Le capteur acoustique est r\u00e9glable par l&#8217;interm\u00e9diaire d&#8217;un potentiom\u00e8tre dans le volume interne.<\/span><\/p>\n<p><span style=\"font-size: 12pt; font-family: 'times new roman', times, serif;\"><strong>Minuteur<\/strong><\/span><br \/>\n<span style=\"font-size: 12pt; font-family: 'times new roman', times, serif;\"> Vert = passage non contr\u00f4l\u00e9, la dur\u00e9e de cette condition peut \u00eatre r\u00e9gl\u00e9e entre 0,15 s et 9 s en 10 \u00e9tapes.<\/span><br \/>\n<span style=\"font-size: 12pt; font-family: 'times new roman', times, serif;\"> Rouge = le passage doit \u00eatre contr\u00f4l\u00e9, la dur\u00e9e de l&#8217;\u00e9tat peut \u00eatre r\u00e9gl\u00e9e entre 0,3 s et 8 s en 9 \u00e9tapes. En outre, ZG4 peut \u00eatre configur\u00e9 de telle sorte, que la condition &#8218;rouge&#8216; est fini par un contact de r\u00e9armement externe.<\/span><\/p>\n<p><span style=\"font-size: 12pt; font-family: 'times new roman', times, serif;\"><strong>La quote-part d&#8217;al\u00e9atoire<\/strong><\/span><br \/>\n<span style=\"font-size: 12pt; font-family: 'times new roman', times, serif;\"> Le taux est soumis \u00e0 des contr\u00f4les comprises entre 0,5% et 50% dans les niveaux de 1% fix\u00e9 num\u00e9riquement.<\/span><\/p>\n<p><span style=\"font-size: 12pt; font-family: 'times new roman', times, serif;\"><strong>Logiciel<\/strong><\/span><br \/>\n<span style=\"font-size: 12pt; font-family: 'times new roman', times, serif;\"> Depuis la comp\u00e9tence de d\u00e9veloppement est dans la maison, des demandes sp\u00e9ciales sont remplies.<\/span><\/p>\n","protected":false},"excerpt":{"rendered":"<p>PRH-ZG4 est utilis\u00e9 pour la contr\u00f4le des personnes (par exemple le tirage au sort des employ\u00e9s) et la contr\u00f4le des passages. L&#8217;alimentation \u00e9lectrique de 230V est d\u00e9j\u00e0 install\u00e9 et fournit la logique num\u00e9riquement et les lumi\u00e8res int\u00e9gr\u00e9es, &#8218;vert&#8216; et &#8218;rouge&#8216; ainsi que l&#8217;\u00e9metteur des signaux acoustiques et les deux relais pour contr\u00f4ler le passage. Logement Prh-ZG4 est log\u00e9 dans un<\/p>\n","protected":false},"author":1,"featured_media":0,"parent":0,"menu_order":0,"comment_status":"closed","ping_status":"closed","template":"","meta":{"footnotes":""},"class_list":["post-155","page","type-page","status-publish","hentry"],"_links":{"self":[{"href":"https:\/\/zufallsgenerator.biz\/fr\/wp-json\/wp\/v2\/pages\/155","targetHints":{"allow":["GET"]}}],"collection":[{"href":"https:\/\/zufallsgenerator.biz\/fr\/wp-json\/wp\/v2\/pages"}],"about":[{"href":"https:\/\/zufallsgenerator.biz\/fr\/wp-json\/wp\/v2\/types\/page"}],"author":[{"embeddable":true,"href":"https:\/\/zufallsgenerator.biz\/fr\/wp-json\/wp\/v2\/users\/1"}],"replies":[{"embeddable":true,"href":"https:\/\/zufallsgenerator.biz\/fr\/wp-json\/wp\/v2\/comments?post=155"}],"version-history":[{"count":7,"href":"https:\/\/zufallsgenerator.biz\/fr\/wp-json\/wp\/v2\/pages\/155\/revisions"}],"predecessor-version":[{"id":262,"href":"https:\/\/zufallsgenerator.biz\/fr\/wp-json\/wp\/v2\/pages\/155\/revisions\/262"}],"wp:attachment":[{"href":"https:\/\/zufallsgenerator.biz\/fr\/wp-json\/wp\/v2\/media?parent=155"}],"curies":[{"name":"wp","href":"https:\/\/api.w.org\/{rel}","templated":true}]}}