{"id":157,"date":"2015-04-06T10:33:19","date_gmt":"2015-04-06T08:33:19","guid":{"rendered":"http:\/\/zufallsgenerator.biz\/fr\/?page_id=157"},"modified":"2021-04-29T13:03:09","modified_gmt":"2021-04-29T11:03:09","slug":"prh-zg5-generateur-aleatoire","status":"publish","type":"page","link":"https:\/\/zufallsgenerator.biz\/fr\/prh-zg5-generateur-aleatoire\/","title":{"rendered":"prh-ZG5 G\u00e9n\u00e9rateur Al\u00e9atoire"},"content":{"rendered":"<p><strong><img loading=\"lazy\" decoding=\"async\" class=\"alignnone size-full wp-image-211\" src=\"http:\/\/zufallsgenerator.biz\/fr\/wp-content\/uploads\/sites\/3\/2015\/04\/ZG500gurfr.jpg\" alt=\"ZG500gurfr\" width=\"600\" height=\"337\" srcset=\"https:\/\/zufallsgenerator.biz\/fr\/wp-content\/uploads\/sites\/3\/2015\/04\/ZG500gurfr.jpg 600w, https:\/\/zufallsgenerator.biz\/fr\/wp-content\/uploads\/sites\/3\/2015\/04\/ZG500gurfr-300x169.jpg 300w\" sizes=\"auto, (max-width: 600px) 100vw, 600px\" \/><\/strong><\/p>\n<p><strong><br \/>\n<span style=\"font-size: 12pt; font-family: 'times new roman', times, serif;\">PRH-ZG5<\/span><\/strong><span style=\"font-size: 12pt; font-family: 'times new roman', times, serif;\"> travaille comme une unit\u00e9 ind\u00e9pendante de contr\u00f4le des personnes ou attirer du personnel.<\/span><\/p>\n<p><span style=\"font-size: 12pt; font-family: 'times new roman', times, serif;\">Pour alimenter prh-ZG5 n\u00e9cessaire seulement deux cellules de batterie AA.<\/span><br \/>\n<span style=\"font-size: 12pt; font-family: 'times new roman', times, serif;\"> Un bouton-poussoir de haut qualit\u00e9 pour l&#8217;exigence du calcul d&#8217;al\u00e9atoire est d\u00e9j\u00e0 int\u00e9gr\u00e9.<\/span><\/p>\n<p><span style=\"font-size: 12pt; font-family: 'times new roman', times, serif;\"><strong>Logement<\/strong><\/span><br \/>\n<span style=\"font-size: 12pt; font-family: 'times new roman', times, serif;\"> ABS, noire.<\/span><br \/>\n<span style=\"font-size: 12pt; font-family: 'times new roman', times, serif;\"> Dimensions hors tout: environ 12,6 cm x 7,4 cm, hauteur corps environ 3cm.<\/span><\/p>\n<p><span style=\"font-size: 12pt; font-family: 'times new roman', times, serif;\"><strong>Alimentation<\/strong><\/span><br \/>\n<span style=\"font-size: 12pt; font-family: 'times new roman', times, serif;\"> 3V DC avec 2 piles AA<\/span><br \/>\n<span style=\"font-size: 12pt; font-family: 'times new roman', times, serif;\"> Temps de latence typiques de 500 jours.<\/span><\/p>\n<p><span style=\"font-size: 12pt; font-family: 'times new roman', times, serif;\"><strong>Entr\u00e9e du signal<\/strong><\/span><br \/>\n<span style=\"font-size: 12pt; font-family: 'times new roman', times, serif;\"> Commutateurs de haute qualit\u00e9 (zinc moul\u00e9 sous pression) caract\u00e9ristique positive pour l&#8217;exigence du calcul al\u00e9atoire.<\/span><\/p>\n<p><span style=\"font-size: 12pt; font-family: 'times new roman', times, serif;\"><strong>Affichage<\/strong><\/span><br \/>\n<span style=\"font-size: 12pt; font-family: 'times new roman', times, serif;\"> Deux voyants lumineux (D=5mm):<\/span><br \/>\n<span style=\"font-size: 12pt; font-family: 'times new roman', times, serif;\"> vert: passer<\/span><br \/>\n<span style=\"font-size: 12pt; font-family: 'times new roman', times, serif;\"> rouge: contr\u00f4ler<\/span><br \/>\n<span style=\"font-size: 12pt; font-family: 'times new roman', times, serif;\"> bip: contr\u00f4ler (\u00e9galement r\u00e9glables: bips courts quand on presse sur le bouton)<\/span><\/p>\n<p><span style=\"font-size: 12pt; font-family: 'times new roman', times, serif;\"><strong>Minuterie<\/strong><\/span><br \/>\n<span style=\"font-size: 12pt; font-family: 'times new roman', times, serif;\"> &#8218;passer&#8216; = vert = passage non contr\u00f4l\u00e9, la dur\u00e9e d&#8217;impulsion peut \u00eatre r\u00e9gl\u00e9e entre 0,2 s et 10s par potentiom\u00e8tre.<\/span><br \/>\n<span style=\"font-size: 12pt; font-family: 'times new roman', times, serif;\"> &#8218;test&#8216; = rouge = passage contr\u00f4l\u00e9, la dur\u00e9e d&#8217;impulsion peut \u00eatre r\u00e9gl\u00e9e entre 0,4 s et 10s par potentiom\u00e8tre.<\/span><\/p>\n<p><span style=\"font-size: 12pt; font-family: 'times new roman', times, serif;\"><strong>Taux de contr\u00f4le \/ al\u00e9atoire \/ probabilit\u00e9<\/strong><\/span><br \/>\n<span style=\"font-size: 12pt; font-family: 'times new roman', times, serif;\"> 0,5% &#8230; 50% r\u00e9glable par l&#8217;interm\u00e9diaire d&#8217;un potentiom\u00e8tre.<\/span><\/p>\n<p><span style=\"font-size: 12pt; font-family: 'times new roman', times, serif;\"><strong>Particularit\u00e9s<\/strong><\/span><br \/>\n<span style=\"font-size: 12pt; font-family: 'times new roman', times, serif;\"> Contr\u00f4le de la batterie, commutateur, technologie de l&#8217;\u00e9conomie d&#8217;\u00e9nergie de, \u00e0 faible co\u00fbt.<\/span><\/p>\n","protected":false},"excerpt":{"rendered":"<p>PRH-ZG5 travaille comme une unit\u00e9 ind\u00e9pendante de contr\u00f4le des personnes ou attirer du personnel. Pour alimenter prh-ZG5 n\u00e9cessaire seulement deux cellules de batterie AA. Un bouton-poussoir de haut qualit\u00e9 pour l&#8217;exigence du calcul d&#8217;al\u00e9atoire est d\u00e9j\u00e0 int\u00e9gr\u00e9. Logement ABS, noire. Dimensions hors tout: environ 12,6 cm x 7,4 cm, hauteur corps environ 3cm. Alimentation 3V DC avec 2 piles AA<\/p>\n","protected":false},"author":1,"featured_media":0,"parent":0,"menu_order":0,"comment_status":"closed","ping_status":"closed","template":"","meta":{"footnotes":""},"class_list":["post-157","page","type-page","status-publish","hentry"],"_links":{"self":[{"href":"https:\/\/zufallsgenerator.biz\/fr\/wp-json\/wp\/v2\/pages\/157","targetHints":{"allow":["GET"]}}],"collection":[{"href":"https:\/\/zufallsgenerator.biz\/fr\/wp-json\/wp\/v2\/pages"}],"about":[{"href":"https:\/\/zufallsgenerator.biz\/fr\/wp-json\/wp\/v2\/types\/page"}],"author":[{"embeddable":true,"href":"https:\/\/zufallsgenerator.biz\/fr\/wp-json\/wp\/v2\/users\/1"}],"replies":[{"embeddable":true,"href":"https:\/\/zufallsgenerator.biz\/fr\/wp-json\/wp\/v2\/comments?post=157"}],"version-history":[{"count":7,"href":"https:\/\/zufallsgenerator.biz\/fr\/wp-json\/wp\/v2\/pages\/157\/revisions"}],"predecessor-version":[{"id":344,"href":"https:\/\/zufallsgenerator.biz\/fr\/wp-json\/wp\/v2\/pages\/157\/revisions\/344"}],"wp:attachment":[{"href":"https:\/\/zufallsgenerator.biz\/fr\/wp-json\/wp\/v2\/media?parent=157"}],"curies":[{"name":"wp","href":"https:\/\/api.w.org\/{rel}","templated":true}]}}