{"id":228,"date":"2016-09-16T11:45:44","date_gmt":"2016-09-16T09:45:44","guid":{"rendered":"http:\/\/zufallsgenerator.biz\/fr\/?page_id=228"},"modified":"2026-01-19T19:01:49","modified_gmt":"2026-01-19T18:01:49","slug":"228-2","status":"publish","type":"page","link":"https:\/\/zufallsgenerator.biz\/fr\/","title":{"rendered":""},"content":{"rendered":"<p><span style=\"font-family: times new roman,times; font-size: 14pt;\"><strong><span style=\"font-size: large;\"><a href=\"http:\/\/zufallsgenerator.biz\/fr\/wp-content\/uploads\/sites\/3\/2015\/04\/logo.gif\"><img loading=\"lazy\" decoding=\"async\" class=\"alignleft size-full wp-image-41\" src=\"http:\/\/zufallsgenerator.biz\/fr\/wp-content\/uploads\/sites\/3\/2015\/04\/logo.gif\" alt=\"logo\" width=\"200\" height=\"149\" \/><\/a><br \/>\n<span style=\"font-family: 'times new roman', times, serif;\">Bureau d&#8217;ing\u00e9nieurs depuis 1984<\/span><\/span><\/strong><\/span><\/p>\n<hr \/>\n<pre>Tel :    02684 - 6205\nFax :    02684 - 6291\nE-Mail : <a href=\"mailto:info@zufallsgenerator.biz\">info@zufallsgenerator.biz<\/a><\/pre>\n<hr \/>\n<p><span style=\"font-size: 12pt; font-family: 'times new roman', times, serif;\">Pour des descriptions en detail, click l&#8217;image convenable. <a href=\"https:\/\/zufallsgenerator.biz\/wp-content\/uploads\/2026\/01\/ZG-Preise-2026.pdf\">Download une liste des prix<\/a><a href=\"mailto:info@zufallsgenerator.biz\"><br \/>\n<\/a>G\u00e9n\u00e9ralement, tous les appareils sont livrables imm\u00e9diatement.<\/span><\/p>\n<p><span style=\"font-family: 'times new roman', times, serif; font-size: 12pt;\"><b>PRODUITS<\/b>, d\u00e9velopp\u00e9s et distribu\u00e9s par Hlubek-electronic.<\/span><\/p>\n<hr \/>\n<pre>Ust.Id.: DE 149 461 045\nWEEE-Reg.-Nr. DE 826 350 36<\/pre>\n<p><span style=\"color: #993300;\"><strong>Pas de vente \u00e0 des m\u00e9nages priv\u00e9s !<\/strong><\/span><\/p>\n<hr \/>\n<div id=\"attachment_222\" style=\"width: 311px\" class=\"wp-caption alignnone\"><a href=\"http:\/\/zufallsgenerator.biz\/fr\/prh-zg1-generateur-aleatoire\/\"><img loading=\"lazy\" decoding=\"async\" aria-describedby=\"caption-attachment-222\" class=\"wp-image-222 size-full\" src=\"http:\/\/zufallsgenerator.biz\/fr\/wp-content\/uploads\/sites\/3\/2016\/09\/ZG1_th.jpg\" alt=\"zg1_th\" width=\"301\" height=\"201\" srcset=\"https:\/\/zufallsgenerator.biz\/fr\/wp-content\/uploads\/sites\/3\/2016\/09\/ZG1_th.jpg 301w, https:\/\/zufallsgenerator.biz\/fr\/wp-content\/uploads\/sites\/3\/2016\/09\/ZG1_th-300x200.jpg 300w\" sizes=\"auto, (max-width: 301px) 100vw, 301px\" \/><\/a><p id=\"caption-attachment-222\" class=\"wp-caption-text\">prh-ZG1\u00a0G\u00e9n\u00e9rateur al\u00e9atoire<\/p><\/div>\n<p><span style=\"font-size: 12pt; font-family: times new roman,times;\"><strong><br \/>\n<span style=\"font-family: 'times new roman', times, serif;\">Prh-ZG1<\/span><\/strong><span style=\"font-family: 'times new roman', times, serif;\"> est utilis\u00e9 pour la contr\u00f4le des personnes et la contr\u00f4le des passages.<\/span><br \/>\n<span style=\"font-family: 'times new roman', times, serif;\"> On peut attacher le contact du lecteur de cartes, libre de potentiel, directement \u00e0 l&#8217;appareil prh-ZG1 pour la livraison d&#8217;une barri\u00e8re de passage (hub, etc). Par r\u00e9glage du potentiom\u00e8tre le nombre moyen des personnes \u00e0 contr\u00f4ler (rouge) est ajust\u00e9. (1% \u00e0 50% correspond \u00e0 chaque chien \u00e0 chaque seconde personne est contr\u00f4l\u00e9e). <a href=\"http:\/\/zufallsgenerator.biz\/fr\/prh-zg1-generateur-aleatoire\/\">&gt;&gt;Lisez plus<\/a><\/span><\/span><\/p>\n<hr \/>\n<div id=\"attachment_224\" style=\"width: 311px\" class=\"wp-caption alignnone\"><a href=\"http:\/\/zufallsgenerator.biz\/fr\/prh-zg2-generateur-aleatoire\/\"><img loading=\"lazy\" decoding=\"async\" aria-describedby=\"caption-attachment-224\" class=\"wp-image-224 size-full\" src=\"http:\/\/zufallsgenerator.biz\/fr\/wp-content\/uploads\/sites\/3\/2016\/09\/ZG2_th.jpg\" alt=\"zg2_th\" width=\"301\" height=\"181\" srcset=\"https:\/\/zufallsgenerator.biz\/fr\/wp-content\/uploads\/sites\/3\/2016\/09\/ZG2_th.jpg 301w, https:\/\/zufallsgenerator.biz\/fr\/wp-content\/uploads\/sites\/3\/2016\/09\/ZG2_th-300x181.jpg 300w\" sizes=\"auto, (max-width: 301px) 100vw, 301px\" \/><\/a><p id=\"caption-attachment-224\" class=\"wp-caption-text\">prh-ZG2\u00a0G\u00e9n\u00e9rateur al\u00e9atoire<\/p><\/div>\n<p><span style=\"font-size: 12pt; font-family: times new roman,times;\"><strong><br \/>\n<span style=\"font-family: 'times new roman', times, serif;\">Prh-ZG2<\/span><\/strong><span style=\"font-family: 'times new roman', times, serif;\"> travaille comme appareil autonome au contr\u00f4le des personnes.<\/span><br \/>\n<span style=\"font-family: 'times new roman', times, serif;\"> Il est d\u00e9j\u00e0 une portion de ligne interne pour 230V raccordement, c\u00e2bles secteurs inclusive avec un traceur de grande qualit\u00e9 pour l&#8217;exigence du calcul d&#8217;al\u00e9atoire. <a href=\"http:\/\/zufallsgenerator.biz\/fr\/prh-zg2-generateur-aleatoire\/\">&gt;&gt;Lisez plus<\/a><\/span><\/span><\/p>\n<hr \/>\n<div id=\"attachment_226\" style=\"width: 311px\" class=\"wp-caption alignnone\"><a href=\"http:\/\/zufallsgenerator.biz\/fr\/prh-zg3-generateur-aleatoire\/\"><img loading=\"lazy\" decoding=\"async\" aria-describedby=\"caption-attachment-226\" class=\"wp-image-226 size-full\" src=\"http:\/\/zufallsgenerator.biz\/fr\/wp-content\/uploads\/sites\/3\/2016\/09\/ZG3_th.jpg\" alt=\"zg3_th\" width=\"301\" height=\"200\" srcset=\"https:\/\/zufallsgenerator.biz\/fr\/wp-content\/uploads\/sites\/3\/2016\/09\/ZG3_th.jpg 301w, https:\/\/zufallsgenerator.biz\/fr\/wp-content\/uploads\/sites\/3\/2016\/09\/ZG3_th-300x200.jpg 300w\" sizes=\"auto, (max-width: 301px) 100vw, 301px\" \/><\/a><p id=\"caption-attachment-226\" class=\"wp-caption-text\">prh-ZG3\u00a0G\u00e9n\u00e9rateur al\u00e9atoire<\/p><\/div>\n<p><span style=\"font-size: 12pt; font-family: times new roman,times;\"><strong><br \/>\n<span style=\"font-family: 'times new roman', times, serif;\">Prh-ZG3 est utilis\u00e9 pour la contr\u00f4le des personnes (par exemple le tirage au sort des employ\u00e9s) et la contr\u00f4le des passages.<\/span><\/strong><br \/>\n<span style=\"font-family: 'times new roman', times, serif;\"> L&#8217;alimentation \u00e9lectrique de 230V est d\u00e9j\u00e0 install\u00e9 et fournit la logique num\u00e9riquement et les lumi\u00e8res int\u00e9gr\u00e9es, &#8218;vert&#8216; et &#8218;rouge&#8216; ainsi que l&#8217;\u00e9metteur de signaux acoustiques et les deux relais pour contr\u00f4ler le passage. <a href=\"http:\/\/zufallsgenerator.biz\/fr\/prh-zg3-generateur-aleatoire\/\">&gt;&gt;Lisez plus<\/a><\/span><\/span><\/p>\n","protected":false},"excerpt":{"rendered":"<p>Bureau d&#8217;ing\u00e9nieurs depuis 1984 Tel : 02684 &#8211; 6205 Fax : 02684 &#8211; 6291 E-Mail : info@zufallsgenerator.biz Pour des descriptions en detail, click l&#8217;image convenable. Download une liste des prix G\u00e9n\u00e9ralement, tous les appareils sont livrables imm\u00e9diatement. PRODUITS, d\u00e9velopp\u00e9s et distribu\u00e9s par Hlubek-electronic. Ust.Id.: DE 149 461 045 WEEE-Reg.-Nr. DE 826 350 36 Pas de vente \u00e0 des m\u00e9nages priv\u00e9s<\/p>\n","protected":false},"author":1,"featured_media":0,"parent":0,"menu_order":0,"comment_status":"closed","ping_status":"closed","template":"","meta":{"footnotes":""},"class_list":["post-228","page","type-page","status-publish","hentry"],"_links":{"self":[{"href":"https:\/\/zufallsgenerator.biz\/fr\/wp-json\/wp\/v2\/pages\/228","targetHints":{"allow":["GET"]}}],"collection":[{"href":"https:\/\/zufallsgenerator.biz\/fr\/wp-json\/wp\/v2\/pages"}],"about":[{"href":"https:\/\/zufallsgenerator.biz\/fr\/wp-json\/wp\/v2\/types\/page"}],"author":[{"embeddable":true,"href":"https:\/\/zufallsgenerator.biz\/fr\/wp-json\/wp\/v2\/users\/1"}],"replies":[{"embeddable":true,"href":"https:\/\/zufallsgenerator.biz\/fr\/wp-json\/wp\/v2\/comments?post=228"}],"version-history":[{"count":37,"href":"https:\/\/zufallsgenerator.biz\/fr\/wp-json\/wp\/v2\/pages\/228\/revisions"}],"predecessor-version":[{"id":412,"href":"https:\/\/zufallsgenerator.biz\/fr\/wp-json\/wp\/v2\/pages\/228\/revisions\/412"}],"wp:attachment":[{"href":"https:\/\/zufallsgenerator.biz\/fr\/wp-json\/wp\/v2\/media?parent=228"}],"curies":[{"name":"wp","href":"https:\/\/api.w.org\/{rel}","templated":true}]}}