{"id":230,"date":"2016-09-16T11:46:23","date_gmt":"2016-09-16T09:46:23","guid":{"rendered":"http:\/\/zufallsgenerator.biz\/fr\/?page_id=230"},"modified":"2016-09-16T12:28:25","modified_gmt":"2016-09-16T10:28:25","slug":"prh-zg1-generateur-aleatoire","status":"publish","type":"page","link":"https:\/\/zufallsgenerator.biz\/fr\/prh-zg1-generateur-aleatoire\/","title":{"rendered":"prh-ZG1 G\u00e9n\u00e9rateur Al\u00e9atoire-"},"content":{"rendered":"<p><a href=\"http:\/\/zufallsgenerator.biz\/fr\/wp-content\/uploads\/sites\/3\/2015\/04\/ZG1-hut-cr.jpg\"><img loading=\"lazy\" decoding=\"async\" class=\"alignleft size-full wp-image-15\" src=\"http:\/\/zufallsgenerator.biz\/fr\/wp-content\/uploads\/sites\/3\/2015\/04\/ZG1-hut-cr.jpg\" alt=\"ZG1-hut-cr\" width=\"471\" height=\"600\" srcset=\"https:\/\/zufallsgenerator.biz\/fr\/wp-content\/uploads\/sites\/3\/2015\/04\/ZG1-hut-cr.jpg 471w, https:\/\/zufallsgenerator.biz\/fr\/wp-content\/uploads\/sites\/3\/2015\/04\/ZG1-hut-cr-236x300.jpg 236w\" sizes=\"auto, (max-width: 471px) 100vw, 471px\" \/><\/a><\/p>\n<p><span style=\"font-size: 12pt; font-family: 'times new roman', times, serif;\"><strong>PRH-ZG1 <\/strong>est utilis\u00e9 pour la contr\u00f4le des personnes et la contr\u00f4le des passages.<\/span><br \/>\n<span style=\"font-size: 12pt; font-family: 'times new roman', times, serif;\"> On peut attacher le contact du lecteur de cartes, libre de potentiel, directement \u00e0 l &#8218;appareil PRH-ZG1 pour la livraison d&#8217;une barri\u00e8re de passage (hub, etc). Par r\u00e9glage du potentiom\u00e8tre le nombre moyen des personnes \u00e0 contr\u00f4ler (rouge) est ajust\u00e9. (1% \u00e0 50% correspond \u00e0 chaque chien \u00e0 chaque seconde personne est contr\u00f4l\u00e9e).<\/span><\/p>\n<p><span style=\"font-size: 12pt; font-family: 'times new roman', times, serif;\">La livraison et\/ou l&#8217;amortissement est s\u00e9par\u00e9 par un contact de relais libre de potentiel (respectivement un commutateur) connect\u00e9 sur les six bornes du bo\u00eetier, pour un passage non contr\u00f4l\u00e9 (vert) et le passage contr\u00f4l\u00e9 (rouge). Dans le cas le plus simple, il faut seulement de plus conduire le signal pour &#8218;vert&#8216;, o\u00f9 il avait d\u00e9j\u00e0 connect\u00e9 le lecteur de carte. Si dans le cas de la d\u00e9cision al\u00e9atoire &#8218;rouge&#8216;, l&#8217;affichage sur le panneau avant de l&#8217;unit\u00e9 prh-ZG1 (LED s&#8217;allume en rouge) ne suffit pas, ainsi que le bip, on utilise le taux de contact de relais de reconnaissance pour &#8218;rouge&#8216;, pour diriger ainsi d&#8217;autres annonces ou sonneries, etc.<\/span><br \/>\n<span style=\"font-size: 12pt; font-family: 'times new roman', times, serif;\"> Comme la livraison de passage est connect\u00e9 au contact de relais de reconnaissance pour &#8218;vert&#8216;, en la d\u00e9cision d&#8217;al\u00e9atoire &#8218;rouge&#8216;, il ne se passe rien &#8211; personne n&#8217;est laiss\u00e9 passer.<\/span><br \/>\n<span style=\"font-size: 12pt; font-family: 'times new roman', times, serif;\"> Comme le nom &#8218;g\u00e9n\u00e9rateur &#8218;al\u00e9atoire&#8216; l&#8217;exprime d\u00e9j\u00e0, la contr\u00f4le des passages est calcul\u00e9 par une fonction d&#8217;al\u00e9atoire \u00e0 l&#8217;aide d&#8217;un microprocesseur. Quand p. ex. le potentiom\u00e8tre<\/span><br \/>\n<span style=\"font-size: 12pt; font-family: 'times new roman', times, serif;\"> &#8218;rate (le taux)&#8216; est ajust\u00e9 sur 50%, alors, fois dix passages (vert) ou dix amortissements (rouge) peuvent tout \u00e0 fait aussi arriver l&#8217;un derri\u00e8re l&#8217;autre. Pr\u00eat dans le moyen lui toujours ajuste un taux de contr\u00f4le de 50%.<\/span><\/p>\n<p><span style=\"font-size: 12pt; font-family: 'times new roman', times, serif;\"><strong>Logement<\/strong><\/span><br \/>\n<span style=\"font-size: 12pt; font-family: 'times new roman', times, serif;\"> prh-ZG1 est log\u00e9 dans un bo\u00eetier de borne \u00e0 10 broches stable pour le rail de montage.<\/span><br \/>\n<span style=\"font-size: 12pt; font-family: 'times new roman', times, serif;\"> L x H x P environ 46 x 75 x 127 mm (largeur b = syst\u00e8me du type rail DIN TS35)<\/span><\/p>\n<p><span style=\"font-size: 12pt; font-family: 'times new roman', times, serif;\"><strong>Alimentation<\/strong><\/span><br \/>\n<span style=\"font-size: 12pt; font-family: 'times new roman', times, serif;\"> prh-ZG1 doivent \u00eatre fournis avec 24 volts DC et consomme environ 0,1 amp\u00e8res, les bornes correspondantes sont marqu\u00e9s &#8218;+24 V&#8216; et &#8218;0 V &#8218;.<\/span><\/p>\n<p><span style=\"font-size: 12pt; font-family: 'times new roman', times, serif;\"><strong>Signal d&#8217;entr\u00e9e<\/strong><\/span><br \/>\n<span style=\"font-size: 12pt; font-family: 'times new roman', times, serif;\"> L&#8217;entr\u00e9e impulsions (par exemple, vient du lecteur de carte) se fait via opto-isol\u00e9 \u00e0 partir des prh-ZG1 \u00e9lectronique s\u00e9par\u00e9ment. Le statut actif (courant \u00e0 travers diode d&#8217;opto) est indiqu\u00e9 par une LED (bleu) sur la premi\u00e8re page. Soit on jette un pont sur les colliers &#8218;+24 V&#8216; avec &#8218;+in &#8218;, ou on enclenche entre &#8218;-in&#8216; et &#8218;0V&#8216; (active low). ou on jette un pont sur les colliers &#8218;0V&#8216; et &#8218;-in&#8216;, et le contact est connect\u00e9 avec les colliers &#8218;+in&#8216; et &#8218;+24V&#8216;.<\/span><br \/>\n<span style=\"font-size: 12pt; font-family: 'times new roman', times, serif;\"> Il serait \u00e9galement possible d&#8217;utiliser un galvaniquement DC tension de commande +24 Vdc de l&#8217;amp\u00e9rage milli actuel d&#8217;environ 10 \u00e0 conduire \u00e0 travers la diode d&#8217;opto. Pour une op\u00e9ration manuelle, mais aussi la connexion d&#8217;un bouton simple \u00e0 l&#8217;entr\u00e9e de signal est possible, afin ensuite de demander le calcul al\u00e9atoire.<\/span><\/p>\n<p><span style=\"font-size: 12pt; font-family: 'times new roman', times, serif;\"><strong>Commentaires<\/strong><\/span><br \/>\n<span style=\"font-size: 12pt; font-family: 'times new roman', times, serif;\"> 1. les bornes des +24 V &#8218;et &#8218;0 V&#8216; on utilise simultan\u00e9ment comme une borne pour la tension d&#8217;alimentation.<\/span><br \/>\n<span style=\"font-size: 12pt; font-family: 'times new roman', times, serif;\"> 2. Remarque: L&#8217;isolement \u00e9lectrique du signal d&#8217;entr\u00e9e ne doit pas \u00eatre utilis\u00e9 pour des raisons de s\u00e9curit\u00e9 personnelle d\u00e9connexion, mais il doit \u00eatre utilis\u00e9 dans le cas d&#8217;un relais de commutation !<\/span><\/p>\n<p><span style=\"font-size: 12pt; font-family: 'times new roman', times, serif;\"><strong>Sorties<\/strong><\/span><br \/>\n<span style=\"font-size: 12pt; font-family: 'times new roman', times, serif;\"> Comme chaque sortie pour &#8218;rouge&#8216; et &#8218;vert&#8216; contacts libres de potentiel (1 UM) sont tir\u00e9 sur un total de six terminaux. Les contacts de relais internes peut \u00eatre charg\u00e9 avec un maximum \u00e0 50Volt et 1 Amp\u00e8re. Attention: pour les circuits avec des tensions plus \u00e9lev\u00e9es (par exemple 230 aussi) un relais de couplage externe est n\u00e9cessaire! Notez \u00e9galement que, pour la protection personnelle des distances d&#8217;isolement avanc\u00e9e sont appliqu\u00e9s \u00e0 le potentiel de grille (8mm \/ 4000V). Ces conditions ne sont pas respect\u00e9es par le relais interne tr\u00e8s faible de-PRH ZG1 mais peut-\u00eatre besoin d&#8217;\u00eatre mis en \u0153uvre avec les relais de couplage !<\/span><\/p>\n<p><span style=\"font-size: 12pt; font-family: 'times new roman', times, serif;\"><strong>Minuteur<\/strong><\/span><br \/>\n<span style=\"font-size: 12pt; font-family: 'times new roman', times, serif;\"> &#8218;pass&#8216; = vert = passage non contr\u00f4l\u00e9, la dur\u00e9e d&#8217;impulsion de 0.1s et 3s peut \u00eatre r\u00e9gl\u00e9e en continu.<\/span><br \/>\n<span style=\"font-size: 12pt; font-family: 'times new roman', times, serif;\"> &#8218;test&#8216; = rouge = passage contr\u00f4l\u00e9, la dur\u00e9e d&#8217;impulsion de 0,1s et 6s peut \u00eatre r\u00e9gl\u00e9e en continu.<\/span><\/p>\n<p><span style=\"font-size: 12pt; font-family: 'times new roman', times, serif;\"><strong>La quote d&#8217;al\u00e9atoire<\/strong><\/span><br \/>\n<span style=\"font-size: 12pt; font-family: 'times new roman', times, serif;\"> Le taux est r\u00e9glable \u00e0 des contr\u00f4les entre 1% et 50%.<\/span><\/p>\n<p><span style=\"font-size: 12pt; font-family: 'times new roman', times, serif;\"><strong>Affichage<\/strong><\/span><br \/>\n<span style=\"font-size: 12pt; font-family: 'times new roman', times, serif;\"> Un multicolore diode \u00e9lectroluminescente (LED) s&#8217;affiche comme suit:<\/span><br \/>\n<span style=\"font-size: 12pt; font-family: 'times new roman', times, serif;\"> Jaune: \u00abPower On\u00bb le statut, ainsi que d&#8217;attendre l&#8217;\u00e9tat en rouge sur une impulsion d&#8217;entr\u00e9e: La sortie du relais \u00abrouge\u00bb est actuellement actif.<\/span><br \/>\n<span style=\"font-size: 12pt; font-family: 'times new roman', times, serif;\"> Vert: Le relais de sortie est en cours d&#8217;ex\u00e9cution un LED bleue montre passage du courant dans l&#8217;int\u00e9rieur sur diode d&#8217;opto. Ainsi, un signal d&#8217;entr\u00e9e actif sera visible.<\/span><\/p>\n","protected":false},"excerpt":{"rendered":"<p>PRH-ZG1 est utilis\u00e9 pour la contr\u00f4le des personnes et la contr\u00f4le des passages. On peut attacher le contact du lecteur de cartes, libre de potentiel, directement \u00e0 l &#8218;appareil PRH-ZG1 pour la livraison d&#8217;une barri\u00e8re de passage (hub, etc). Par r\u00e9glage du potentiom\u00e8tre le nombre moyen des personnes \u00e0 contr\u00f4ler (rouge) est ajust\u00e9. (1% \u00e0 50% correspond \u00e0 chaque chien<\/p>\n","protected":false},"author":1,"featured_media":0,"parent":0,"menu_order":0,"comment_status":"closed","ping_status":"closed","template":"","meta":{"footnotes":""},"class_list":["post-230","page","type-page","status-publish","hentry"],"_links":{"self":[{"href":"https:\/\/zufallsgenerator.biz\/fr\/wp-json\/wp\/v2\/pages\/230","targetHints":{"allow":["GET"]}}],"collection":[{"href":"https:\/\/zufallsgenerator.biz\/fr\/wp-json\/wp\/v2\/pages"}],"about":[{"href":"https:\/\/zufallsgenerator.biz\/fr\/wp-json\/wp\/v2\/types\/page"}],"author":[{"embeddable":true,"href":"https:\/\/zufallsgenerator.biz\/fr\/wp-json\/wp\/v2\/users\/1"}],"replies":[{"embeddable":true,"href":"https:\/\/zufallsgenerator.biz\/fr\/wp-json\/wp\/v2\/comments?post=230"}],"version-history":[{"count":3,"href":"https:\/\/zufallsgenerator.biz\/fr\/wp-json\/wp\/v2\/pages\/230\/revisions"}],"predecessor-version":[{"id":251,"href":"https:\/\/zufallsgenerator.biz\/fr\/wp-json\/wp\/v2\/pages\/230\/revisions\/251"}],"wp:attachment":[{"href":"https:\/\/zufallsgenerator.biz\/fr\/wp-json\/wp\/v2\/media?parent=230"}],"curies":[{"name":"wp","href":"https:\/\/api.w.org\/{rel}","templated":true}]}}