{"id":235,"date":"2016-09-16T11:47:50","date_gmt":"2016-09-16T09:47:50","guid":{"rendered":"http:\/\/zufallsgenerator.biz\/fr\/?page_id=235"},"modified":"2016-09-16T19:01:39","modified_gmt":"2016-09-16T17:01:39","slug":"prh-zg3-generateur-aleatoire","status":"publish","type":"page","link":"https:\/\/zufallsgenerator.biz\/fr\/prh-zg3-generateur-aleatoire\/","title":{"rendered":"prh-ZG3 G\u00e9n\u00e9rateur Al\u00e9atoire-"},"content":{"rendered":"<p><img loading=\"lazy\" decoding=\"async\" class=\"alignleft size-full wp-image-266\" src=\"http:\/\/zufallsgenerator.biz\/fr\/wp-content\/uploads\/sites\/3\/2016\/09\/ZG3aussenB491.jpg\" alt=\"zg3aussenb491\" width=\"1020\" height=\"416\" srcset=\"https:\/\/zufallsgenerator.biz\/fr\/wp-content\/uploads\/sites\/3\/2016\/09\/ZG3aussenB491.jpg 1020w, https:\/\/zufallsgenerator.biz\/fr\/wp-content\/uploads\/sites\/3\/2016\/09\/ZG3aussenB491-300x122.jpg 300w, https:\/\/zufallsgenerator.biz\/fr\/wp-content\/uploads\/sites\/3\/2016\/09\/ZG3aussenB491-768x313.jpg 768w\" sizes=\"auto, (max-width: 1020px) 100vw, 1020px\" \/><\/p>\n<p><span style=\"font-family: 'times new roman', times, serif; font-size: 12pt;\"><strong>PRH-ZG3 est utilis\u00e9 pour la contr\u00f4le des personnes (par exemple le tirage au sort des employ\u00e9s) et la contr\u00f4le des passages.<\/strong><\/span><br \/>\n<span style=\"font-family: 'times new roman', times, serif; font-size: 12pt;\"> L&#8217;alimentation \u00e9lectrique de 230V est d\u00e9j\u00e0 install\u00e9 et fournit la logique num\u00e9riquement et les lumi\u00e8res int\u00e9gr\u00e9es, &#8218;vert&#8216; et &#8218;rouge&#8216; ainsi que l&#8217;\u00e9metteur de signaux acoustiques et les deux relais pour contr\u00f4ler le passage.<\/span><\/p>\n<p><span style=\"font-family: 'times new roman', times, serif; font-size: 12pt;\">Un bouton coup de poing robuste (diam\u00e8tre = 39mm) est utilis\u00e9 pour obtenir le calcul al\u00e9atoire (&#8218;rouge&#8216; = personne contr\u00f4ler, &#8218;vert&#8216; = passage non contr\u00f4l\u00e9). Le r\u00e9sultat est une co\u00efncidence avec les indicateurs &#8218;rouges&#8216; ou &#8218;vert&#8216; pour une dur\u00e9e d\u00e9termin\u00e9e rendu visible, est &#8218;rouge&#8216; est toujours actif dans plus de le transducteur acoustique. Pour passer le contr\u00f4le associ\u00e9 \u00e9galement le contact libre de potentiel pour cette p\u00e9riode sera activ\u00e9. La requ\u00eate suivante ne peut pas \u00eatre d\u00e9marr\u00e9 lorsque la condition a expir\u00e9 terme pour &#8218;rouge&#8216; ou &#8218;vert&#8216;. Le param\u00e8tre de co\u00efncidence 0\u202650%, la dur\u00e9e du statut &#8218;vert&#8216; et la dur\u00e9e de l&#8217;\u00e9tat de &#8218;rouge&#8216; peut \u00eatre r\u00e9gl\u00e9e avec quatre commutateurs rotatifs (chaque 0-9 chiffres) apr\u00e8s l&#8217;ouverture du bo\u00eetier.<\/span><\/p>\n<p><span style=\"font-family: 'times new roman', times, serif; font-size: 12pt;\"><strong>Logement<\/strong><\/span><br \/>\n<span style=\"font-family: 'times new roman', times, serif; font-size: 12pt;\"> prh-ZG3 est log\u00e9 dans un bo\u00eetier tr\u00e8s stable isolant (IP65). L x H x P 145 x 75 x 100 mm.<\/span><\/p>\n<p><span style=\"font-family: 'times new roman', times, serif; font-size: 12pt;\"><strong>Alimentation<\/strong><\/span><br \/>\n<span style=\"font-family: 'times new roman', times, serif; font-size: 12pt;\"> prh-ZG3 doit \u00eatre fourni avec 230 volts de courant alternatif et accepte un maximum de 3 VA.<\/span><\/p>\n<p><span style=\"font-family: 'times new roman', times, serif;\"><span style=\"font-size: 12pt;\"><strong>Sorties<\/strong><\/span> <span style=\"font-size: 12pt;\">(r\u00e9troaction relais)<br \/>\nComme un point de d\u00e9part repr\u00e9sentent chacun &#8218;rouge&#8216; et &#8218;vert&#8216; distincts contacts inverseurs flottants. Les p\u00f4les sont reli\u00e9s \u00e0 un total de six accessible de l&#8217;int\u00e9rieur de bornes \u00e0 ressort.<\/span><\/span><\/p>\n<p><span style=\"font-family: 'times new roman', times, serif; font-size: 12pt;\"><strong>Affichage<\/strong><\/span><br \/>\n<span style=\"font-family: 'times new roman', times, serif; font-size: 12pt;\"> rouge: Le relais de sortie &#8218;rouge&#8216; est actuellement actif.<br \/>\nvert: Le relais de sortie &#8218;vert&#8216; est actuellement actif.<br \/>\nSera utilis\u00e9e dans la norme \u00e9clairage industriel (IP65) avec un diam\u00e8tre de 22 mm. En outre, le signal acoustique a la norme (IP65) aussi.<\/span><\/p>\n<p><span style=\"font-family: 'times new roman', times, serif; font-size: 12pt;\"><strong>Minuteur<\/strong><\/span><br \/>\n<span style=\"font-family: 'times new roman', times, serif; font-size: 12pt;\"> vert = passage non contr\u00f4l\u00e9, la dur\u00e9e de cette condition peut \u00eatre r\u00e9gl\u00e9e entre 0,15 s et 9 s en 10 \u00e9tapes.<br \/>\nrouge = le passage \u00e0 contr\u00f4ler, la dur\u00e9e de l&#8217;\u00e9tat peut \u00eatre r\u00e9gl\u00e9e entre 0,3 s et 9 s en 10 \u00e9tapes.<br \/>\nEn outre, ZG3 peut \u00eatre configur\u00e9 que la condition &#8218;rouge&#8216; est termin\u00e9e par un contact de r\u00e9armement externe.<\/span><\/p>\n<p><span style=\"font-family: 'times new roman', times, serif; font-size: 12pt;\"><strong>La quote-par d&#8217;al\u00e9atoire<\/strong><\/span><br \/>\n<span style=\"font-family: 'times new roman', times, serif; font-size: 12pt;\"> Le nombre des personnes \u00e0 contr\u00f4ler \u00e0 \u00eatre r\u00e9gl\u00e9e entre 0,5% et 50% par incr\u00e9ments de 1%.<\/span><\/p>\n<p><span style=\"font-family: 'times new roman', times, serif; font-size: 12pt;\"><strong>Logiciel<\/strong><\/span><br \/>\n<span style=\"font-family: 'times new roman', times, serif; font-size: 12pt;\"> Depuis la comp\u00e9tence de d\u00e9veloppement est dans la maison, des demandes sp\u00e9ciales sont remplies.<\/span><\/p>\n","protected":false},"excerpt":{"rendered":"<p>PRH-ZG3 est utilis\u00e9 pour la contr\u00f4le des personnes (par exemple le tirage au sort des employ\u00e9s) et la contr\u00f4le des passages. L&#8217;alimentation \u00e9lectrique de 230V est d\u00e9j\u00e0 install\u00e9 et fournit la logique num\u00e9riquement et les lumi\u00e8res int\u00e9gr\u00e9es, &#8218;vert&#8216; et &#8218;rouge&#8216; ainsi que l&#8217;\u00e9metteur de signaux acoustiques et les deux relais pour contr\u00f4ler le passage. Un bouton coup de poing robuste<\/p>\n","protected":false},"author":1,"featured_media":0,"parent":0,"menu_order":0,"comment_status":"closed","ping_status":"closed","template":"","meta":{"footnotes":""},"class_list":["post-235","page","type-page","status-publish","hentry"],"_links":{"self":[{"href":"https:\/\/zufallsgenerator.biz\/fr\/wp-json\/wp\/v2\/pages\/235","targetHints":{"allow":["GET"]}}],"collection":[{"href":"https:\/\/zufallsgenerator.biz\/fr\/wp-json\/wp\/v2\/pages"}],"about":[{"href":"https:\/\/zufallsgenerator.biz\/fr\/wp-json\/wp\/v2\/types\/page"}],"author":[{"embeddable":true,"href":"https:\/\/zufallsgenerator.biz\/fr\/wp-json\/wp\/v2\/users\/1"}],"replies":[{"embeddable":true,"href":"https:\/\/zufallsgenerator.biz\/fr\/wp-json\/wp\/v2\/comments?post=235"}],"version-history":[{"count":6,"href":"https:\/\/zufallsgenerator.biz\/fr\/wp-json\/wp\/v2\/pages\/235\/revisions"}],"predecessor-version":[{"id":267,"href":"https:\/\/zufallsgenerator.biz\/fr\/wp-json\/wp\/v2\/pages\/235\/revisions\/267"}],"wp:attachment":[{"href":"https:\/\/zufallsgenerator.biz\/fr\/wp-json\/wp\/v2\/media?parent=235"}],"curies":[{"name":"wp","href":"https:\/\/api.w.org\/{rel}","templated":true}]}}