{"id":284,"date":"2018-01-05T20:46:36","date_gmt":"2018-01-05T19:46:36","guid":{"rendered":"http:\/\/zufallsgenerator.biz\/fr\/?page_id=284"},"modified":"2021-04-30T17:24:39","modified_gmt":"2021-04-30T15:24:39","slug":"prh-zg4-w-generateur-aleatoire","status":"publish","type":"page","link":"https:\/\/zufallsgenerator.biz\/fr\/prh-zg4-w-generateur-aleatoire\/","title":{"rendered":"prh-ZG4-W G\u00e9n\u00e9rateur Al\u00e9atoire"},"content":{"rendered":"<p><span style=\"font-family: 'times new roman', times, serif; font-size: 12pt;\">ZG4-W est la forme blanche du prh-ZG4. Un bouton-poussoir externe permet demander la fonction de hasard. (Boutons-poussoires diverses sont au besoin disponsibles.) Il est possible aussi de reli\u00e9 un contact sans potentiel des lecteurs de carte, transpondeurs, barri\u00e8res lumineuses, d\u00e9tecteurs de mouvement ou d&#8217;autres syst\u00e8mes pour activer le g\u00e9n\u00e9rateur.<\/span><\/p>\n<p><span style=\"font-family: 'times new roman', times, serif; font-size: 12pt;\">Bornes de connexion suivantes sont disponsible:<\/span><br \/>\n<span style=\"font-family: 'times new roman', times, serif; font-size: 12pt;\"> 2 pi\u00e8ces 230 volts pour l&#8217;alimentation du ZG4-W<\/span><br \/>\n<span style=\"font-family: 'times new roman', times, serif; font-size: 12pt;\"> 3 pi\u00e8ces contact de r\u00e9ponse (1xUM) en \u00e9tat &#8222;rouge&#8220;<\/span><br \/>\n<span style=\"font-family: 'times new roman', times, serif; font-size: 12pt;\"> 3 pi\u00e8ces contact de r\u00e9ponse (1xUM) en \u00e9tat &#8222;vert&#8220;<\/span><br \/>\n<span style=\"font-family: 'times new roman', times, serif; font-size: 12pt;\"> 2 pi\u00e8ces pour activer la fonction de hasard<\/span><br \/>\n<span style=\"font-family: 'times new roman', times, serif; font-size: 12pt;\"> 2 pi\u00e8ces Timerreset pour le mode op\u00e9rationnel &#8222;Reset Timer rouge&#8220;<\/span><\/p>\n<p><span style=\"font-family: 'times new roman', times, serif; font-size: 12pt;\">Au &#8222;rouge&#8220; un signal acoustique sonne, le volume sonore peut \u00eatre r\u00e9duit par un r\u00e9gulateur dans ZG4-W.<\/span><br \/>\n<span style=\"font-family: 'times new roman', times, serif; font-size: 12pt;\"> Comme pour ZG3 les param\u00e8tres d&#8217;al\u00e9atoire &#8222;taux d&#8217;al\u00e9atoire&#8220;, &#8222;timer rouge&#8220; et &#8222;timer vert&#8220; sont r\u00e9gis par quatre r\u00e9gulateurs digitales (\u00e0 0-9).<\/span><\/p>\n<p><span style=\"font-family: 'times new roman', times, serif; font-size: 12pt;\">Autres caract\u00e9ristiques du g\u00e9n\u00e9rateur al\u00e9atoire prh-ZG4-W:<\/span><\/p>\n<p><span style=\"font-family: 'times new roman', times, serif; font-size: 12pt;\">* Un appareil pratique (degr\u00e9 de protection IP65) avec face \u00e0 charni\u00e8re et transparent.<\/span><\/p>\n<p><span style=\"font-family: 'times new roman', times, serif; font-size: 12pt;\">* Bo\u00eetier de raccordement int\u00e9gr\u00e9 avec des parties pr\u00e9estamp\u00e9es pour des travers\u00e9es de c\u00e2bles, s\u00e9lectivement couvert du bas ou la surface lat\u00e9rale du mur.<\/span><\/p>\n<p><span style=\"font-family: 'times new roman', times, serif; font-size: 12pt; color: #ff0000;\"><a style=\"color: #ff0000;\" href=\"http:\/\/zufallsgenerator.biz\/fr\/wp-content\/uploads\/sites\/3\/2021\/04\/ZG4-W-flyer-fr21.pdf\">Download flyer prh-ZG4-W<\/a><\/span><\/p>\n","protected":false},"excerpt":{"rendered":"<p>ZG4-W est la forme blanche du prh-ZG4. Un bouton-poussoir externe permet demander la fonction de hasard. (Boutons-poussoires diverses sont au besoin disponsibles.) Il est possible aussi de reli\u00e9 un contact sans potentiel des lecteurs de carte, transpondeurs, barri\u00e8res lumineuses, d\u00e9tecteurs de mouvement ou d&#8217;autres syst\u00e8mes pour activer le g\u00e9n\u00e9rateur. Bornes de connexion suivantes sont disponsible: 2 pi\u00e8ces 230 volts pour<\/p>\n","protected":false},"author":1,"featured_media":0,"parent":0,"menu_order":0,"comment_status":"closed","ping_status":"closed","template":"","meta":{"footnotes":""},"class_list":["post-284","page","type-page","status-publish","hentry"],"_links":{"self":[{"href":"https:\/\/zufallsgenerator.biz\/fr\/wp-json\/wp\/v2\/pages\/284","targetHints":{"allow":["GET"]}}],"collection":[{"href":"https:\/\/zufallsgenerator.biz\/fr\/wp-json\/wp\/v2\/pages"}],"about":[{"href":"https:\/\/zufallsgenerator.biz\/fr\/wp-json\/wp\/v2\/types\/page"}],"author":[{"embeddable":true,"href":"https:\/\/zufallsgenerator.biz\/fr\/wp-json\/wp\/v2\/users\/1"}],"replies":[{"embeddable":true,"href":"https:\/\/zufallsgenerator.biz\/fr\/wp-json\/wp\/v2\/comments?post=284"}],"version-history":[{"count":10,"href":"https:\/\/zufallsgenerator.biz\/fr\/wp-json\/wp\/v2\/pages\/284\/revisions"}],"predecessor-version":[{"id":373,"href":"https:\/\/zufallsgenerator.biz\/fr\/wp-json\/wp\/v2\/pages\/284\/revisions\/373"}],"wp:attachment":[{"href":"https:\/\/zufallsgenerator.biz\/fr\/wp-json\/wp\/v2\/media?parent=284"}],"curies":[{"name":"wp","href":"https:\/\/api.w.org\/{rel}","templated":true}]}}