{"id":317,"date":"2018-01-11T20:32:45","date_gmt":"2018-01-11T19:32:45","guid":{"rendered":"http:\/\/zufallsgenerator.biz\/fr\/?page_id=317"},"modified":"2021-04-30T17:23:03","modified_gmt":"2021-04-30T15:23:03","slug":"prh-vt1-et-prh-vt2-bouton-poussoir-protege-contre-le-vandalisme","status":"publish","type":"page","link":"https:\/\/zufallsgenerator.biz\/fr\/prh-vt1-et-prh-vt2-bouton-poussoir-protege-contre-le-vandalisme\/","title":{"rendered":"prh-VT1 et prh-VT2 bouton-poussoir prot\u00e9g\u00e9 contre le vandalisme"},"content":{"rendered":"<div id=\"attachment_319\" style=\"width: 548px\" class=\"wp-caption alignnone\"><img loading=\"lazy\" decoding=\"async\" aria-describedby=\"caption-attachment-319\" class=\"wp-image-319 size-full\" src=\"http:\/\/zufallsgenerator.biz\/fr\/wp-content\/uploads\/sites\/3\/2018\/01\/VT1_frz.png\" alt=\"VT1_frz\" width=\"538\" height=\"404\" srcset=\"https:\/\/zufallsgenerator.biz\/fr\/wp-content\/uploads\/sites\/3\/2018\/01\/VT1_frz.png 538w, https:\/\/zufallsgenerator.biz\/fr\/wp-content\/uploads\/sites\/3\/2018\/01\/VT1_frz-300x225.png 300w\" sizes=\"auto, (max-width: 538px) 100vw, 538px\" \/><p id=\"caption-attachment-319\" class=\"wp-caption-text\"><span style=\"font-family: 'times new roman', times, serif; font-size: 12pt;\">prh-VT2 sans passage de c\u00e2bles M12. Raccordement par le fond (conduit dans le mur)<\/span><\/p><\/div>\n<p><span style=\"font-family: 'times new roman', times, serif; font-size: 12pt;\">Optionnel pour prh-ZG1, prh-ZG4 et prh-ZG4-W:<\/span><\/p>\n<p><span style=\"font-family: 'times new roman', times, serif; font-size: 12pt;\"><strong>Touche de palpage<\/strong>:<\/span><br \/>\n<span style=\"font-family: 'times new roman', times, serif; font-size: 12pt;\"> Acier, diam\u00e8tre 18mm interieur, distance d&#8217;actionnement 3mm, bornes a viss\u00e9, 1 million cycles de fonctionnement<\/span><\/p>\n<p><span style=\"font-family: 'times new roman', times, serif; font-size: 12pt;\"><strong>Face degr\u00e9 de protection<\/strong>: IP65 et IP67 par IEC 60529<\/span><br \/>\n<span style=\"font-family: 'times new roman', times, serif; font-size: 12pt;\"><strong> R\u00e9sistance aux chocs<\/strong>: IK10 par IEC 62262<\/span><br \/>\n<span style=\"font-family: 'times new roman', times, serif; font-size: 12pt;\"><strong> Plage temp\u00e9rature de fonctionnement<\/strong>: -30\u00b0C&#8230;+70\u00b0C<\/span><\/p>\n<p><span style=\"font-family: 'times new roman', times, serif; font-size: 12pt;\"><strong>Bo\u00eetier<\/strong>:<\/span><br \/>\n<span style=\"font-family: 'times new roman', times, serif; font-size: 12pt;\"> Aluminium \/ peint gris, 2 trous cach\u00e9s pour fixation murale<\/span><\/p>\n<p><span style=\"font-family: 'times new roman', times, serif; font-size: 12pt;\"><strong>Option VT1<\/strong>:<\/span><br \/>\n<span style=\"font-family: 'times new roman', times, serif; font-size: 12pt;\"> Presse-\u00e9toupe M12 pour connexion en paroi lat\u00e9rale (voir figure),<\/span><br \/>\n<span style=\"font-family: 'times new roman', times, serif; font-size: 12pt;\"> plage de serrage 3&#8230;6 mm, laiton, nickelage galvanique, IP68 jusqu&#8217;\u00e0 5 bar.<\/span><\/p>\n<p><span style=\"font-family: 'times new roman', times, serif; font-size: 12pt;\"><strong>Option VT2<\/strong>:<\/span><br \/>\n<span style=\"font-family: 'times new roman', times, serif; font-size: 12pt;\"> Raccordement par le fond du bo\u00d3tier (conduit dissimul\u00e9, encastr\u00e9)<\/span><\/p>\n<p><span style=\"font-family: 'times new roman', times, serif; font-size: 12pt;\"><strong>Poids<\/strong>: 230g<\/span><\/p>\n<p><span style=\"font-family: 'times new roman', times, serif; font-size: 12pt; color: #ff0000;\"><a style=\"color: #ff0000;\" href=\"http:\/\/zufallsgenerator.biz\/fr\/wp-content\/uploads\/sites\/3\/2021\/04\/VT1-VT2-flyer-fr21.pdf\" target=\"_blank\">Download Info<\/a><\/span><\/p>\n","protected":false},"excerpt":{"rendered":"<p>Optionnel pour prh-ZG1, prh-ZG4 et prh-ZG4-W: Touche de palpage: Acier, diam\u00e8tre 18mm interieur, distance d&#8217;actionnement 3mm, bornes a viss\u00e9, 1 million cycles de fonctionnement Face degr\u00e9 de protection: IP65 et IP67 par IEC 60529 R\u00e9sistance aux chocs: IK10 par IEC 62262 Plage temp\u00e9rature de fonctionnement: -30\u00b0C&#8230;+70\u00b0C Bo\u00eetier: Aluminium \/ peint gris, 2 trous cach\u00e9s pour fixation murale Option VT1: Presse-\u00e9toupe<\/p>\n","protected":false},"author":1,"featured_media":0,"parent":0,"menu_order":0,"comment_status":"closed","ping_status":"closed","template":"template-fullwidth.php","meta":{"footnotes":""},"class_list":["post-317","page","type-page","status-publish","hentry"],"_links":{"self":[{"href":"https:\/\/zufallsgenerator.biz\/fr\/wp-json\/wp\/v2\/pages\/317","targetHints":{"allow":["GET"]}}],"collection":[{"href":"https:\/\/zufallsgenerator.biz\/fr\/wp-json\/wp\/v2\/pages"}],"about":[{"href":"https:\/\/zufallsgenerator.biz\/fr\/wp-json\/wp\/v2\/types\/page"}],"author":[{"embeddable":true,"href":"https:\/\/zufallsgenerator.biz\/fr\/wp-json\/wp\/v2\/users\/1"}],"replies":[{"embeddable":true,"href":"https:\/\/zufallsgenerator.biz\/fr\/wp-json\/wp\/v2\/comments?post=317"}],"version-history":[{"count":11,"href":"https:\/\/zufallsgenerator.biz\/fr\/wp-json\/wp\/v2\/pages\/317\/revisions"}],"predecessor-version":[{"id":371,"href":"https:\/\/zufallsgenerator.biz\/fr\/wp-json\/wp\/v2\/pages\/317\/revisions\/371"}],"wp:attachment":[{"href":"https:\/\/zufallsgenerator.biz\/fr\/wp-json\/wp\/v2\/media?parent=317"}],"curies":[{"name":"wp","href":"https:\/\/api.w.org\/{rel}","templated":true}]}}