{"id":331,"date":"2018-06-27T10:02:33","date_gmt":"2018-06-27T08:02:33","guid":{"rendered":"http:\/\/zufallsgenerator.biz\/fr\/?page_id=331"},"modified":"2021-04-30T14:27:18","modified_gmt":"2021-04-30T12:27:18","slug":"intimite","status":"publish","type":"page","link":"https:\/\/zufallsgenerator.biz\/fr\/intimite\/","title":{"rendered":"Intimit\u00e9"},"content":{"rendered":"<p class=\"p1\"><span class=\"s1\" style=\"font-family: 'times new roman', times, serif; font-size: 12pt;\"><strong>Note g\u00e9n\u00e9rale et informations obligatoires<\/strong><br \/>\nEn tant qu&#8217;utilisateur de notre site Web, vous trouverez dans cette d\u00e9claration de confidentialit\u00e9 toutes les informations importantes sur la port\u00e9e et le but de la collecte et de l&#8217;utilisation des donn\u00e9es par vous et des tiers. La politique de confidentialit\u00e9 de Hlubek-Electronic est bas\u00e9e sur la terminologie utilis\u00e9e par le l\u00e9gislateur europ\u00e9en lors de la publication du r\u00e8glement g\u00e9n\u00e9ral sur la protection des donn\u00e9es (DS-GVO).<\/span><\/p>\n<p class=\"p1\"><span class=\"s1\" style=\"font-family: 'times new roman', times, serif; font-size: 12pt;\">Nous sommes conscients de la responsabilit\u00e9 de vos informations personnelles et pour cette raison ne travaillons que dans les limites prescrites par la loi.<\/span><\/p>\n<p class=\"p1\"><span class=\"s1\" style=\"font-family: 'times new roman', times, serif; font-size: 12pt;\">Si possible, les donn\u00e9es personnelles sont collect\u00e9es sur une base volontaire. Seulement avec votre consentement expr\u00e8s, nous transmettrons ces donn\u00e9es \u00e0 des tiers.<\/span><\/p>\n<p class=\"p1\"><span style=\"font-family: 'times new roman', times, serif; font-size: 12pt;\"><span class=\"s1\">Organe responsable:<br \/>\n<\/span><span class=\"s1\">Ce site internet et les services propos\u00e9s par Hlubek-Electronic sont exploit\u00e9s par:<\/span><\/span><\/p>\n<p class=\"p1\"><span style=\"font-family: 'times new roman', times, serif; font-size: 12pt;\"><span class=\"s1\">Hlubek-Electronic<br \/>\n<\/span><span class=\"s1\">Mittelstr. 14<br \/>\n<\/span><span class=\"s1\">56307 D\u00fcrrholz-Muscheid<\/span><\/span><\/p>\n<p class=\"p1\"><span class=\"s1\" style=\"font-family: 'times new roman', times, serif; font-size: 12pt;\">Telefon: 02684-6205<\/span><\/p>\n<p class=\"p3\"><span class=\"s2\" style=\"font-family: 'times new roman', times, serif; font-size: 12pt;\">E-Mail: <a href=\"mailto:info@zufallsgenerator.biz\"><span class=\"s3\">info@zufallsgenerator.biz<\/span><\/a><\/span><\/p>\n<p class=\"p1\"><span class=\"s1\" style=\"font-family: 'times new roman', times, serif; font-size: 12pt;\">Web: http:\/\/www.zufallsgenerator.biz<\/span><\/p>\n<p class=\"p1\"><span class=\"s1\" style=\"font-family: 'times new roman', times, serif; font-size: 12pt;\">Directeur g\u00e9n\u00e9ral: Paul R. Hlubek<\/span><\/p>\n<p class=\"p1\"><span class=\"s1\" style=\"font-family: 'times new roman', times, serif; font-size: 12pt;\">Agent de protection des donn\u00e9es: Paul R. Hlubek<\/span><\/p>\n<p class=\"p1\"><span style=\"font-family: 'times new roman', times, serif; font-size: 12pt;\"><span class=\"s1\"><strong>Notions de base<\/strong><br \/>\n<\/span><span class=\"s1\">Chez Hlubek-Electronic, nous prenons tr\u00e8s au s\u00e9rieux les probl\u00e8mes de confidentialit\u00e9 et nous voulons nous assurer que votre vie priv\u00e9e est prot\u00e9g\u00e9e par l&#8217;utilisation du site Web <a href=\"http:\/\/zufallsgenerator.biz\"><span class=\"s4\">zufallsgenerator.biz<\/span><\/a>.<\/span><\/span><\/p>\n<p class=\"p1\"><span class=\"s1\" style=\"font-family: 'times new roman', times, serif; font-size: 12pt;\">Cette d\u00e9claration de confidentialit\u00e9 est destin\u00e9e \u00e0 informer les utilisateurs de ce site Web sur la nature, la port\u00e9e et le but de la collecte et l&#8217;utilisation de donn\u00e9es personnelles par l&#8217;exploitant du site Web <a href=\"http:\/\/zufallsgenerator.biz\"><span class=\"s4\">zufallsgenerator.biz<\/span><\/a>.<\/span><\/p>\n<p class=\"p1\"><span class=\"s1\" style=\"font-family: 'times new roman', times, serif; font-size: 12pt;\">Avec les notes suivantes sur le traitement des donn\u00e9es, nous aimerions expliquer notre traitement des donn\u00e9es comme suit:<\/span><\/p>\n<p class=\"p1\"><span style=\"font-family: 'times new roman', times, serif; font-size: 12pt;\"><span class=\"s1\"><strong>Donn\u00e9es personnelles<\/strong><br \/>\n<\/span><span class=\"s1\">Nous collectons des informations personnelles uniquement dans une certaine mesure et uniquement pour la dur\u00e9e n\u00e9cessaire \u00e0 l&#8217;utilisation du site ou conform\u00e9ment \u00e0 la loi. Les donn\u00e9es collect\u00e9es seront bloqu\u00e9es ou supprim\u00e9es si le but de la collecte de donn\u00e9es cesse ou si la fin de la p\u00e9riode l\u00e9gale de stockage a \u00e9t\u00e9 atteinte. Sans transfert de donn\u00e9es personnelles, notre site internet peut \u00eatre utilis\u00e9 r\u00e9guli\u00e8rement. La collecte de donn\u00e9es est toujours volontaire. Sans votre consentement explicite, par exemple en ce qui concerne votre adresse e-mail ou votre nom, les donn\u00e9es ne seront pas divulgu\u00e9es \u00e0 des tiers. Il convient de noter que les donn\u00e9es sur Internet ne peuvent pas toujours \u00eatre transmises de mani\u00e8re s\u00e9curis\u00e9e. L&#8217;\u00e9change de donn\u00e9es dans le trafic de messagerie n&#8217;est pas toujours s\u00e9curis\u00e9.<\/span><\/span><\/p>\n<p class=\"p1\"><span class=\"s1\" style=\"font-family: 'times new roman', times, serif; font-size: 12pt;\">Hlubek-Electronic utilise des donn\u00e9es personnelles dans le cadre du site exclusivement aux fins suivantes:<\/span><\/p>\n<ul class=\"ul1\">\n<li class=\"li1\"><span class=\"s1\" style=\"font-family: 'times new roman', times, serif; font-size: 12pt;\">Traitement des demandes, commandes et leur v\u00e9rification (nom, adresse e-mail, num\u00e9ro de t\u00e9l\u00e9phone, num\u00e9ro de fax<\/span><\/li>\n<li class=\"li1\"><span class=\"s1\" style=\"font-family: 'times new roman', times, serif; font-size: 12pt;\">Service d&#8217;analyse de presse Word<\/span><\/li>\n<li class=\"li1\"><span class=\"s1\" style=\"font-family: 'times new roman', times, serif; font-size: 12pt;\">Donn\u00e9es soumises par le navigateur (par exemple, historique du navigateur)<\/span><\/li>\n<\/ul>\n<p class=\"p1\"><span class=\"s1\" style=\"font-family: 'times new roman', times, serif; font-size: 12pt;\">Vous pouvez \u00e9galement visiter ce site sans donner aucune information personnelle. Pour am\u00e9liorer notre offre en ligne, cependant, nous (sans r\u00e9f\u00e9rence personnelle) stockons vos donn\u00e9es d&#8217;acc\u00e8s sur ce site. Ces donn\u00e9es d&#8217;acc\u00e8s incluent z. Par exemple, le fichier que vous avez demand\u00e9 ou le nom de votre fournisseur de services Internet. En raison de l&#8217;anonymisation des donn\u00e9es, les conclusions sur votre personne ne sont pas possibles.<\/span><\/p>\n<p class=\"p1\"><span style=\"font-family: 'times new roman', times, serif; font-size: 12pt;\"><span class=\"s1\"><strong>Collecte de donn\u00e9es d&#8217;acc\u00e8s<\/strong><br \/>\n<\/span><span class=\"s1\">La livraison et la pr\u00e9sentation du contenu sur notre site n\u00e9cessite la collecte de certaines donn\u00e9es. Les soi-disant fichiers journaux du serveur sont enregistr\u00e9s par nous ou le fournisseur de l&#8217;espace Web avec votre acc\u00e8s \u00e0 notre site Web. Gr\u00e2ce aux fichiers journaux, il n&#8217;y a pas de conclusion sur votre personne. Les informations correspondantes sont le nom du site, le fichier, la date actuelle, la quantit\u00e9 de donn\u00e9es, le navigateur web y compris la version, le syst\u00e8me d&#8217;exploitation utilis\u00e9, le nom de domaine de votre fournisseur Internet, l&#8217;URL du r\u00e9f\u00e9rent comme page, \u00e0 partir de laquelle vous avez bascul\u00e9 sur notre site et l&#8217;adresse IP correspondante. Les donn\u00e9es sont utilis\u00e9es par nous pour la pr\u00e9sentation et la livraison du contenu de notre site Web et \u00e0 des fins statistiques. Avec l&#8217;aide de cette information, nous pouvons fournir notre offre et l&#8217;am\u00e9liorer constamment. En outre, nous nous r\u00e9servons le droit de v\u00e9rifier les donn\u00e9es mentionn\u00e9es, si nous soup\u00e7onnons que notre offre est utilis\u00e9e ill\u00e9galement.<\/span><\/span><\/p>\n<p class=\"p1\"><span style=\"font-family: 'times new roman', times, serif; font-size: 12pt;\"><span class=\"s1\"><strong>Donn\u00e9es d&#8217;acc\u00e8s, cookies<\/strong><br \/>\n<\/span><span class=\"s1\">Notre site utilise des cookies. Ce sont de petits fichiers texte que votre navigateur Web stocke sur votre appareil. Les cookies nous aident \u00e0 rendre notre offre plus conviviale, efficace et s\u00e9curis\u00e9e.<\/span><\/span><\/p>\n<p class=\"p1\"><span style=\"font-family: 'times new roman', times, serif; font-size: 12pt;\"><span class=\"s1\"><strong>Mesure d&#8217;audience et cookies<\/strong><br \/>\n<\/span><span class=\"s1\">Ce site utilise des cookies pour la mesure de port\u00e9e pseudonymis\u00e9e, qui sont transmis depuis notre serveur ou le serveur tiers vers le navigateur de l&#8217;utilisateur. Les cookies sont de petits fichiers stock\u00e9s sur votre appareil. Votre navigateur acc\u00e8de \u00e0 ces fichiers. L&#8217;utilisation de cookies augmente la convivialit\u00e9 et la s\u00e9curit\u00e9 de ce site.<\/span><\/span><\/p>\n<p class=\"p1\"><span class=\"s1\" style=\"font-family: 'times new roman', times, serif; font-size: 12pt;\">Si vous ne souhaitez pas enregistrer de cookies de mesure de distance sur votre appareil, vous pouvez vous opposer \u00e0 l&#8217;utilisation de ces fichiers ici:<\/span><\/p>\n<ul class=\"ul1\">\n<li class=\"li1\"><span class=\"s1\" style=\"font-family: 'times new roman', times, serif; font-size: 12pt;\">La page de d\u00e9sactivation des cookies de la Network Advertising Initiative: <a href=\"http:\/\/optout.networkadvertising.org\/?c=1#%21\/\"><span class=\"s5\">http:\/\/optout.networkadvertising.org\/?c=1#!\/<\/span><\/a><\/span><\/li>\n<li class=\"li1\"><span class=\"s1\" style=\"font-family: 'times new roman', times, serif; font-size: 12pt;\">Page de d\u00e9sactivation des cookies du site Web am\u00e9ricain: <a href=\"http:\/\/optout.aboutads.info\/?c=2#%21\/\"><span class=\"s5\">http:\/\/optout.aboutads.info\/?c=2#!\/<\/span><\/a><\/span><\/li>\n<li class=\"li1\"><span class=\"s1\" style=\"font-family: 'times new roman', times, serif; font-size: 12pt;\">Page de d\u00e9sactivation des cookies du site web europ\u00e9en: <a href=\"http:\/\/optout.networkadvertising.org\/?c=1#%21\/\"><span class=\"s5\">http:\/\/optout.networkadvertising.org\/?c=1#!\/<\/span><\/a><\/span><\/li>\n<\/ul>\n<p class=\"p1\"><span class=\"s1\" style=\"font-family: 'times new roman', times, serif; font-size: 12pt;\">Les navigateurs populaires offrent l&#8217;option de pr\u00e9f\u00e9rence de ne pas autoriser les cookies. Note: Il n&#8217;y a aucune garantie que vous serez en mesure d&#8217;acc\u00e9der \u00e0 toutes les fonctions de ce site sans restrictions si vous faites les r\u00e9glages appropri\u00e9s.<\/span><\/p>\n<p class=\"p1\"><span style=\"font-family: 'times new roman', times, serif; font-size: 12pt;\"><span class=\"s1\"><strong>R\u00e9vocation de votre consentement au traitement des donn\u00e9es<\/strong><br \/>\n<\/span><span class=\"s1\">Seulement avec votre consentement expr\u00e8s sont certains processus de traitement de donn\u00e9es possibles. Une r\u00e9vocation de votre consentement d\u00e9j\u00e0 donn\u00e9 est possible \u00e0 tout moment. Pour la r\u00e9vocation est suffisante un message informel par e-mail. La l\u00e9galit\u00e9 du traitement des donn\u00e9es effectu\u00e9 jusqu&#8217;\u00e0 la r\u00e9vocation n&#8217;est pas affect\u00e9e par la r\u00e9vocation. En outre, vous pouvez \u00e9galement vous opposer \u00e0 une utilisation postale de vos donn\u00e9es:<\/span><\/span><\/p>\n<p class=\"p1\"><span style=\"font-family: 'times new roman', times, serif; font-size: 12pt;\"><span class=\"s1\">Hlubek-Electronic<br \/>\n<\/span><span class=\"s1\">Mittelstr. 14<br \/>\n<\/span><span class=\"s1\">56307 D\u00fcrrholz-Muscheid<\/span><\/span><\/p>\n<p class=\"p1\"><span style=\"font-family: 'times new roman', times, serif; font-size: 12pt;\"><span class=\"s1\"><strong>Droit de porter plainte aupr\u00e8s de l&#8217;autorit\u00e9 comp\u00e9tente<\/strong><br \/>\n<\/span><span class=\"s1\">En tant que personne concern\u00e9e, en cas de violation de la loi sur la protection des donn\u00e9es, vous disposez d&#8217;un droit de recours aupr\u00e8s de l&#8217;autorit\u00e9 de surveillance comp\u00e9tente. L&#8217;autorit\u00e9 de surveillance comp\u00e9tente en mati\u00e8re de protection des donn\u00e9es est l&#8217;agent de protection des donn\u00e9es de l&#8217;\u00c9tat f\u00e9d\u00e9ral dans lequel se trouve le si\u00e8ge de notre soci\u00e9t\u00e9. Le lien suivant fournit une liste d&#8217;agents de protection des donn\u00e9es et leurs coordonn\u00e9es: <a href=\"https:\/\/www.bfdi.bund.de\/DE\/Infothek\/Anschriften_Links\/anschriften_links-node.html\"><span class=\"s5\">https:\/\/www.bfdi.bund.de\/DE\/Infothek\/Anschriften_Links\/anschriften_links-node.html<\/span><\/a><\/span><\/span><\/p>\n<p class=\"p5\"><span class=\"s1\" style=\"font-family: 'times new roman', times, serif; font-size: 12pt;\"><strong>Droit \u00e0 la portabilit\u00e9 des donn\u00e9es<\/strong><b><br \/>\n<\/b>Vous avez le droit d&#8217;avoir des donn\u00e9es que nous traitons sur la base de votre consentement ou en ex\u00e9cution d&#8217;un contrat automatiquement \u00e0 vous ou \u00e0 des tiers. La disposition est faite dans un format lisible par machine. Si vous avez besoin du transfert direct des donn\u00e9es \u00e0 une autre personne responsable, cela ne sera fait que dans la mesure o\u00f9 cela est techniquement possible.<\/span><\/p>\n<p class=\"p5\"><span class=\"s1\" style=\"font-family: 'times new roman', times, serif; font-size: 12pt;\"><strong>Transfert de donn\u00e9es personnelles \u00e0 des tiers<\/strong><br \/>\nNous ne transf\u00e9rons pas vos donn\u00e9es personnelles \u00e0 des tiers. Les transferts aux institutions ou autorit\u00e9s de l&#8217;\u00c9tat ne sont effectu\u00e9s que conform\u00e9ment \u00e0 la l\u00e9gislation nationale obligatoire.<\/span><\/p>\n<p class=\"p5\"><span class=\"s1\" style=\"font-family: 'times new roman', times, serif; font-size: 12pt;\"><strong>Dur\u00e9e du stockage des donn\u00e9es<\/strong><br \/>\nNous ne conserverons vos donn\u00e9es que pour autant que vous soyez d&#8217;accord ou que la loi \u00e9tablisse une obligation de conservation.<\/span><\/p>\n<p class=\"p5\"><span class=\"s1\" style=\"font-family: 'times new roman', times, serif; font-size: 12pt;\"><strong>Droit \u00e0 l&#8217;information, correction, blocage, suppression<\/strong><br \/>\nVous avez le droit \u00e0 tout moment dans le cadre des dispositions l\u00e9gales applicables de fournir gratuitement des informations sur vos donn\u00e9es personnelles stock\u00e9es, la source des donn\u00e9es, leurs destinataires et le but du traitement des donn\u00e9es et, le cas \u00e9ch\u00e9ant, un droit de rectification, suppression ou suppression de ces donn\u00e9es. \u00c0 cet \u00e9gard et aussi pour d&#8217;autres questions sur le sujet des donn\u00e9es personnelles, vous pouvez toujours nous contacter via les options de contact figurant dans l&#8217;empreinte.<\/span><\/p>\n<p class=\"p5\"><span class=\"s1\" style=\"font-family: 'times new roman', times, serif; font-size: 12pt;\"><strong>Service d&#8217;analyse de WordPress<\/strong><br \/>\nNous utilisons le service d&#8217;analyse WordPress sur notre site Web. Ce service est h\u00e9berg\u00e9 par nous sur notre propre syst\u00e8me informatique, de sorte que la transmission de donn\u00e9es \u00e0 des tiers n&#8217;est pas n\u00e9cessaire. Cependant, WordPress utilise des &#8222;cookies&#8220;. Les informations r\u00e9sultantes, y compris l&#8217;adresse IP raccourcie, sont envoy\u00e9es \u00e0 notre serveur et stock\u00e9es pour analyse. Votre adresse IP sera anonymis\u00e9e dans le cadre de ce processus, de sorte que vous ne serez pas identifi\u00e9 en tant qu&#8217;utilisateur. En outre, nous ne transmettrons pas les informations g\u00e9n\u00e9r\u00e9es par les cookies sur l&#8217;utilisation de notre site Web \u00e0 des tiers.<\/span><\/p>\n<p class=\"p5\"><span class=\"s1\" style=\"font-family: 'times new roman', times, serif; font-size: 12pt;\">Vous pouvez refuser l&#8217;utilisation de cookies en s\u00e9lectionnant les param\u00e8tres appropri\u00e9s de votre logiciel de navigation, mais vous devez alors savoir que dans ce cas, vous ne pourrez peut-\u00eatre pas utiliser toutes les fonctions de notre site Web dans une certaine mesure.<\/span><\/p>\n<p class=\"p5\"><span class=\"s1\" style=\"font-family: 'times new roman', times, serif; font-size: 12pt;\">Si vous n&#8217;\u00eates pas d&#8217;accord avec le stockage et l&#8217;\u00e9valuation de ces donn\u00e9es lors de votre visite, vous pouvez vous opposer au stockage et \u00e0 l&#8217;utilisation \u00e0 tout moment. Le r\u00e8glement en vertu du \u00a7 5 est mentionn\u00e9.<\/span><\/p>\n<p class=\"p5\"><span class=\"s1\" style=\"font-family: 'times new roman', times, serif; font-size: 12pt;\">Pour plus d&#8217;informations sur la confidentialit\u00e9 du service d&#8217;analyse WordPress, consultez la politique de confidentialit\u00e9 de WordPress <a href=\"https:\/\/wordpress.org\/\"><span class=\"s5\">https:\/\/wordpress.org<\/span><\/a><\/span><\/p>\n<p class=\"p5\"><span class=\"s1\" style=\"font-family: 'times new roman', times, serif; font-size: 12pt;\"><strong>Amendements<\/strong><b><br \/>\n<\/b>Nous nous r\u00e9servons le droit de modifier le contenu de cette politique de confidentialit\u00e9 de temps en temps. Nous vous recommandons donc de revoir r\u00e9guli\u00e8rement nos instructions de traitement des donn\u00e9es.<\/span><\/p>\n<p class=\"p5\"><span class=\"s1\" style=\"font-family: 'times new roman', times, serif; font-size: 12pt;\">Au: 18.06.2018<\/span><\/p>\n","protected":false},"excerpt":{"rendered":"<p>Note g\u00e9n\u00e9rale et informations obligatoires En tant qu&#8217;utilisateur de notre site Web, vous trouverez dans cette d\u00e9claration de confidentialit\u00e9 toutes les informations importantes sur la port\u00e9e et le but de la collecte et de l&#8217;utilisation des donn\u00e9es par vous et des tiers. La politique de confidentialit\u00e9 de Hlubek-Electronic est bas\u00e9e sur la terminologie utilis\u00e9e par le l\u00e9gislateur europ\u00e9en lors de<\/p>\n","protected":false},"author":1,"featured_media":0,"parent":0,"menu_order":0,"comment_status":"closed","ping_status":"closed","template":"template-fullwidth.php","meta":{"footnotes":""},"class_list":["post-331","page","type-page","status-publish","hentry"],"_links":{"self":[{"href":"https:\/\/zufallsgenerator.biz\/fr\/wp-json\/wp\/v2\/pages\/331","targetHints":{"allow":["GET"]}}],"collection":[{"href":"https:\/\/zufallsgenerator.biz\/fr\/wp-json\/wp\/v2\/pages"}],"about":[{"href":"https:\/\/zufallsgenerator.biz\/fr\/wp-json\/wp\/v2\/types\/page"}],"author":[{"embeddable":true,"href":"https:\/\/zufallsgenerator.biz\/fr\/wp-json\/wp\/v2\/users\/1"}],"replies":[{"embeddable":true,"href":"https:\/\/zufallsgenerator.biz\/fr\/wp-json\/wp\/v2\/comments?post=331"}],"version-history":[{"count":2,"href":"https:\/\/zufallsgenerator.biz\/fr\/wp-json\/wp\/v2\/pages\/331\/revisions"}],"predecessor-version":[{"id":357,"href":"https:\/\/zufallsgenerator.biz\/fr\/wp-json\/wp\/v2\/pages\/331\/revisions\/357"}],"wp:attachment":[{"href":"https:\/\/zufallsgenerator.biz\/fr\/wp-json\/wp\/v2\/media?parent=331"}],"curies":[{"name":"wp","href":"https:\/\/api.w.org\/{rel}","templated":true}]}}