{"id":48,"date":"2015-04-03T17:59:33","date_gmt":"2015-04-03T15:59:33","guid":{"rendered":"http:\/\/zufallsgenerator.biz\/fr\/?page_id=48"},"modified":"2021-04-30T16:35:52","modified_gmt":"2021-04-30T14:35:52","slug":"48-2","status":"publish","type":"page","link":"https:\/\/zufallsgenerator.biz\/fr\/48-2\/","title":{"rendered":"PRH-41 Guide Fl\u00e8che"},"content":{"rendered":"<div id=\"attachment_165\" style=\"width: 260px\" class=\"wp-caption alignnone\"><img loading=\"lazy\" decoding=\"async\" aria-describedby=\"caption-attachment-165\" class=\"wp-image-165 size-full\" src=\"http:\/\/zufallsgenerator.biz\/fr\/wp-content\/uploads\/sites\/3\/2015\/04\/41sm1.jpg\" alt=\"L'avis des deux \u00e9tats possibles du guide fl\u00e8che prh-41\" width=\"250\" height=\"147\" \/><p id=\"caption-attachment-165\" class=\"wp-caption-text\"><span style=\"font-family: 'times new roman', times, serif; font-size: 10pt;\">L&#8217;avis des deux \u00e9tats possibles du guide fl\u00e8che prh-41<\/span><\/p><\/div>\n<p><span style=\"font-family: 'times new roman', times, serif; font-size: 12pt;\"><b>PRH-41<\/b> peut \u00eatre dirig\u00e9 vers les g\u00e9n\u00e9rateurs al\u00e9atoires <a href=\"http:\/\/zufallsgenerator.biz\/fr\/prh-zg1-generateur-aleatoire\/\">prh-ZG1<\/a>, <a href=\"http:\/\/zufallsgenerator.biz\/fr\/prh-zg3-generateur-aleatoire\/\">prh-ZG3<\/a> et <a title=\"prh-ZG4 G\u00e9n\u00e9rateur Al\u00e9atoire\" href=\"http:\/\/zufallsgenerator.biz\/fr\/prh-zg4-generateur-aleatoire\/\">prh-ZG4 <\/a>(avec les contacts des relais de reconnaissance).<\/span><\/p>\n<ul>\n<li><span style=\"font-family: 'times new roman', times, serif; font-size: 12pt;\">Deux pictogrammes avec chacun 24 LEDs tr\u00e8s lumineux (types ext\u00e9rieurs) peuvent briller : &#8222;croix rouge&#8220; et &#8222;fl\u00e8che verte&#8220;.<\/span><\/li>\n<li><span style=\"font-family: 'times new roman', times, serif; font-size: 12pt;\">Il y a respectivement deux entr\u00e9es visant le contr\u00f4le\u00a0: &#8222;vert&#8220; ou &#8222;rouge&#8220;:<\/span><br \/>\n<span style=\"font-family: 'times new roman', times, serif; font-size: 12pt;\"> pont (contact sans potentiel) en collier &#8222;rouge&#8220;: le guide fl\u00e8che montre le &#8222;croix rouge&#8220;, avec un commutateur, un piezo-signal peut \u00e9galement \u00eatre activ\u00e9.<\/span><br \/>\n<span style=\"font-family: 'times new roman', times, serif; font-size: 12pt;\"> pont (contact sans potentiel) en collier &#8222;vert&#8220;: le guide fl\u00e8che illumine comme la\u00a0fl\u00e8che verte, le commutateur est mise hors circuit.<\/span><\/li>\n<li><span style=\"font-family: 'times new roman', times, serif; font-size: 12pt;\">Au lieu des ponts, des TTL-entr\u00e9es (+5Volt) peuvent \u00e9galement \u00eatre utilis\u00e9es.<\/span><\/li>\n<li><span style=\"font-family: 'times new roman', times, serif; font-size: 12pt;\">L&#8217;approvisionnement interne doit \u00eatre attach\u00e9 \u00e0 contrainte altern\u00e9e \u00e0 230 volts ~.<\/span><\/li>\n<li><span style=\"font-family: 'times new roman', times, serif; font-size: 12pt;\">Le logement pratique (IP65) est \u00e9quip\u00e9 avec un \u00e9cran de soleil acrylique..<\/span><\/li>\n<li><span style=\"font-family: 'times new roman', times, serif; font-size: 12pt;\">La bo\u00eete de raccordement int\u00e9gr\u00e9e a des pr\u00e9caract\u00e9ristiques pour des passages de c\u00e2bles au dos et au dessous.<\/span><br \/>\n<span style=\"font-family: 'times new roman', times, serif; font-size: 12pt;\"> Une couverture avec le joint en caoutchouc et des trous pour plombage existent.<\/span><\/li>\n<li><span style=\"font-family: 'times new roman', times, serif; font-size: 12pt;\">Un mode d&#8217;exploitation alternatif (par exemple pour des incidents) est aussi possible :<\/span><br \/>\n<span style=\"font-family: 'times new roman', times, serif; font-size: 12pt;\"> s&#8217;enflammer en permanence des pictogrammes par le g\u00e9n\u00e9rateur-enflammer interne.<\/span><br \/>\n<span style=\"font-family: 'times new roman', times, serif; font-size: 12pt;\"> Avec un minicommutateur, le pictogramme actif peut \u00eatre d\u00e9termin\u00e9. Le donneur de signal acoustique peut \u00eatre engag\u00e9 en plus.<\/span><\/li>\n<\/ul>\n","protected":false},"excerpt":{"rendered":"<p>PRH-41 peut \u00eatre dirig\u00e9 vers les g\u00e9n\u00e9rateurs al\u00e9atoires prh-ZG1, prh-ZG3 et prh-ZG4 (avec les contacts des relais de reconnaissance). Deux pictogrammes avec chacun 24 LEDs tr\u00e8s lumineux (types ext\u00e9rieurs) peuvent briller : &#8222;croix rouge&#8220; et &#8222;fl\u00e8che verte&#8220;. Il y a respectivement deux entr\u00e9es visant le contr\u00f4le\u00a0: &#8222;vert&#8220; ou &#8222;rouge&#8220;: pont (contact sans potentiel) en collier &#8222;rouge&#8220;: le guide fl\u00e8che montre<\/p>\n","protected":false},"author":1,"featured_media":0,"parent":0,"menu_order":0,"comment_status":"closed","ping_status":"closed","template":"template-fullwidth.php","meta":{"footnotes":""},"class_list":["post-48","page","type-page","status-publish","hentry"],"_links":{"self":[{"href":"https:\/\/zufallsgenerator.biz\/fr\/wp-json\/wp\/v2\/pages\/48","targetHints":{"allow":["GET"]}}],"collection":[{"href":"https:\/\/zufallsgenerator.biz\/fr\/wp-json\/wp\/v2\/pages"}],"about":[{"href":"https:\/\/zufallsgenerator.biz\/fr\/wp-json\/wp\/v2\/types\/page"}],"author":[{"embeddable":true,"href":"https:\/\/zufallsgenerator.biz\/fr\/wp-json\/wp\/v2\/users\/1"}],"replies":[{"embeddable":true,"href":"https:\/\/zufallsgenerator.biz\/fr\/wp-json\/wp\/v2\/comments?post=48"}],"version-history":[{"count":12,"href":"https:\/\/zufallsgenerator.biz\/fr\/wp-json\/wp\/v2\/pages\/48\/revisions"}],"predecessor-version":[{"id":366,"href":"https:\/\/zufallsgenerator.biz\/fr\/wp-json\/wp\/v2\/pages\/48\/revisions\/366"}],"wp:attachment":[{"href":"https:\/\/zufallsgenerator.biz\/fr\/wp-json\/wp\/v2\/media?parent=48"}],"curies":[{"name":"wp","href":"https:\/\/api.w.org\/{rel}","templated":true}]}}