{"id":88,"date":"2015-04-04T11:58:34","date_gmt":"2015-04-04T09:58:34","guid":{"rendered":"http:\/\/zufallsgenerator.biz\/fr\/?page_id=88"},"modified":"2025-01-05T15:02:39","modified_gmt":"2025-01-05T14:02:39","slug":"des-boutons-poussoirs-prh-tas1-prh-tas2","status":"publish","type":"page","link":"https:\/\/zufallsgenerator.biz\/fr\/des-boutons-poussoirs-prh-tas1-prh-tas2\/","title":{"rendered":"Des boutons poussoirs prh-Tas1 prh-Tas2"},"content":{"rendered":"<p><strong><img loading=\"lazy\" decoding=\"async\" class=\"alignnone size-full wp-image-68\" src=\"http:\/\/zufallsgenerator.biz\/en\/wp-content\/uploads\/sites\/2\/2015\/03\/2TastHGholz400.jpg\" alt=\"2TastHGholz400\" width=\"400\" height=\"441\" \/> <\/strong><br \/>\n<span style=\"font-family: 'times new roman', times, serif; font-size: 12pt;\"><strong>D&#8217;autres options: prh-Tas1 et prh-Tas2<\/strong> :\u00a0\u00a0\u00a0\u00a0 <strong>Veuillez demander la disponibilit\u00e9 !<\/strong><\/span><br \/>\n<span style=\"font-family: 'times new roman', times, serif; font-size: 12pt;\"> Des boutons de haute qualit\u00e9 dans un bo\u00eetier s\u00e9par\u00e9 est disponible. Le bouton peut \u00eatre rempli avec votre choix cylindrique (diam\u00e8tre D = 22mm) ou formiforme (D = 39mm). Le logement est dans les deux cas: lxlxh = 55 x 100 x 75 hauteur = boutons + 14mm ou 20mm. Prh-TAS1 est le nom donn\u00e9 au bo\u00eetier avec la cl\u00e9 de forme cylindrique, prh-TAS2 idem formiforme.<\/span><br \/>\n<span style=\"font-family: 'times new roman', times, serif; font-size: 12pt;\"> Sous le bouton il ya un champ d&#8217;\u00e9tiquette. Il peut y avoir un petit signe (ca.20x20mm) plac\u00e9 sous le film transparent.<\/span><\/p>\n","protected":false},"excerpt":{"rendered":"<p>D&#8217;autres options: prh-Tas1 et prh-Tas2 :\u00a0\u00a0\u00a0\u00a0 Veuillez demander la disponibilit\u00e9 ! Des boutons de haute qualit\u00e9 dans un bo\u00eetier s\u00e9par\u00e9 est disponible. Le bouton peut \u00eatre rempli avec votre choix cylindrique (diam\u00e8tre D = 22mm) ou formiforme (D = 39mm). Le logement est dans les deux cas: lxlxh = 55 x 100 x 75 hauteur = boutons + 14mm ou<\/p>\n","protected":false},"author":1,"featured_media":0,"parent":0,"menu_order":0,"comment_status":"closed","ping_status":"closed","template":"template-fullwidth.php","meta":{"footnotes":""},"class_list":["post-88","page","type-page","status-publish","hentry"],"_links":{"self":[{"href":"https:\/\/zufallsgenerator.biz\/fr\/wp-json\/wp\/v2\/pages\/88","targetHints":{"allow":["GET"]}}],"collection":[{"href":"https:\/\/zufallsgenerator.biz\/fr\/wp-json\/wp\/v2\/pages"}],"about":[{"href":"https:\/\/zufallsgenerator.biz\/fr\/wp-json\/wp\/v2\/types\/page"}],"author":[{"embeddable":true,"href":"https:\/\/zufallsgenerator.biz\/fr\/wp-json\/wp\/v2\/users\/1"}],"replies":[{"embeddable":true,"href":"https:\/\/zufallsgenerator.biz\/fr\/wp-json\/wp\/v2\/comments?post=88"}],"version-history":[{"count":4,"href":"https:\/\/zufallsgenerator.biz\/fr\/wp-json\/wp\/v2\/pages\/88\/revisions"}],"predecessor-version":[{"id":411,"href":"https:\/\/zufallsgenerator.biz\/fr\/wp-json\/wp\/v2\/pages\/88\/revisions\/411"}],"wp:attachment":[{"href":"https:\/\/zufallsgenerator.biz\/fr\/wp-json\/wp\/v2\/media?parent=88"}],"curies":[{"name":"wp","href":"https:\/\/api.w.org\/{rel}","templated":true}]}}